{"id":689,"date":"2026-01-23T10:07:10","date_gmt":"2026-01-23T09:07:10","guid":{"rendered":"https:\/\/itsmycoach.fr\/?page_id=689"},"modified":"2026-02-08T15:50:47","modified_gmt":"2026-02-08T14:50:47","slug":"itsmycoach","status":"publish","type":"page","link":"https:\/\/itsmycoach.fr\/index.php\/itsmycoach\/","title":{"rendered":"Informations"},"content":{"rendered":"\n<div class=\"wp-block-columns is-layout-flex wp-container-core-columns-is-layout-1 wp-block-columns-is-layout-flex\">\n<div class=\"wp-block-column is-layout-flow wp-block-column-is-layout-flow\" style=\"flex-basis:66.66%\">\n<figure class=\"wp-block-image size-full is-resized has-custom-border is-style-default\" style=\"margin-right:0;margin-left:0\"><img loading=\"lazy\" decoding=\"async\" width=\"444\" height=\"515\" src=\"https:\/\/itsmycoach.fr\/wp-content\/uploads\/2026\/01\/photo.png\" alt=\"\" class=\"wp-image-711\" style=\"border-radius:0px;width:285px;height:auto\" srcset=\"https:\/\/itsmycoach.fr\/wp-content\/uploads\/2026\/01\/photo.png 444w, https:\/\/itsmycoach.fr\/wp-content\/uploads\/2026\/01\/photo-259x300.png 259w\" sizes=\"auto, (max-width: 444px) 100vw, 444px\" \/><\/figure>\n\n\n\n<p class=\"has-text-align-center has-primary-color has-text-color has-link-color has-xx-large-font-size wp-elements-0734cb9f3a3ba4fdb5ac21386924a863\"><strong>CEDRIC PINCHON<br><\/strong><em>itsmycoach<\/em><\/p>\n\n\n\n<p class=\"has-text-align-center has-body-color has-text-color has-link-color has-x-large-font-size wp-elements-949f3080cc00775165a164aecaf374f8\"><strong>07 86 11 46 91<\/strong><\/p>\n\n\n\n<p class=\"has-text-align-center has-luminous-vivid-orange-color has-text-color has-link-color has-x-large-font-size wp-elements-dabeddc25e4484be03773cf3e8ee6090\"><a href=\"http:\/\/instagram.com\/itsmycoach\" data-type=\"link\" data-id=\"instagram.com\/itsmycoach\"><strong>Instagram :<\/strong> itsmycoach<\/a><\/p>\n\n\n\n<p class=\"has-text-align-center has-primary-color has-text-color has-link-color wp-elements-4c249d307ff107b49ef9f9108d642c1e\"><strong>MUSCULATION<br>FITNESS<br>PRISE DE POIDS<br>RENFO MUSUCLAIRE<br>CROSS TRAINING<br>HYROX<br>RUNNING<\/strong><\/p>\n\n\n\n<p class=\"has-text-align-left\">Coach sportif, c\u2019est bien plus que faire transpirer.<br>J\u2019accompagne des personnes r\u00e9elles, avec leurs contraintes, leurs doutes et leurs objectifs, pour construire un corps plus fort, plus fonctionnel et surtout durable. Pas de recettes magiques ni de discours culpabilisant : du travail intelligent, de l\u2019\u00e9coute, de la r\u00e9gularit\u00e9 et du plaisir. Que ce soit pour se remettre en forme, performer ou simplement se sentir mieux dans son corps, mon r\u00f4le est de t\u2019aider \u00e0 avancer, \u00e0 ton rythme, mais sans tricher avec tes capacit\u00e9s.<\/p>\n<\/div>\n<\/div>\n\n\n\n<p class=\"has-text-align-center\"><a href=\"http:\/\/itsmycoach.fr\/wp-content\/uploads\/2026\/02\/HYBRIDE-Tome-01-version3-pdf.pdf\">Lire la BD itsmycoach<\/a><\/p>\n","protected":false},"excerpt":{"rendered":"<p>CEDRIC PINCHONitsmycoach 07 86 11 46 91 Instagram : itsmycoach MUSCULATIONFITNESSPRISE DE POIDSRENFO MUSUCLAIRECROSS TRAININGHYROXRUNNING Coach sportif, c\u2019est bien plus que faire transpirer.J\u2019accompagne des personnes r\u00e9elles, avec leurs contraintes, leurs doutes et leurs objectifs, pour construire un corps plus fort, plus fonctionnel et surtout durable. Pas de recettes magiques ni de discours culpabilisant : du [&hellip;]<\/p>\n","protected":false},"author":1,"featured_media":436,"parent":0,"menu_order":0,"comment_status":"closed","ping_status":"closed","template":"","meta":{"footnotes":""},"class_list":["post-689","page","type-page","status-publish","has-post-thumbnail","hentry"],"_links":{"self":[{"href":"https:\/\/itsmycoach.fr\/index.php\/wp-json\/wp\/v2\/pages\/689","targetHints":{"allow":["GET"]}}],"collection":[{"href":"https:\/\/itsmycoach.fr\/index.php\/wp-json\/wp\/v2\/pages"}],"about":[{"href":"https:\/\/itsmycoach.fr\/index.php\/wp-json\/wp\/v2\/types\/page"}],"author":[{"embeddable":true,"href":"https:\/\/itsmycoach.fr\/index.php\/wp-json\/wp\/v2\/users\/1"}],"replies":[{"embeddable":true,"href":"https:\/\/itsmycoach.fr\/index.php\/wp-json\/wp\/v2\/comments?post=689"}],"version-history":[{"count":29,"href":"https:\/\/itsmycoach.fr\/index.php\/wp-json\/wp\/v2\/pages\/689\/revisions"}],"predecessor-version":[{"id":732,"href":"https:\/\/itsmycoach.fr\/index.php\/wp-json\/wp\/v2\/pages\/689\/revisions\/732"}],"wp:featuredmedia":[{"embeddable":true,"href":"https:\/\/itsmycoach.fr\/index.php\/wp-json\/wp\/v2\/media\/436"}],"wp:attachment":[{"href":"https:\/\/itsmycoach.fr\/index.php\/wp-json\/wp\/v2\/media?parent=689"}],"curies":[{"name":"wp","href":"https:\/\/api.w.org\/{rel}","templated":true}]}}